{"id":98,"date":"2025-08-10T19:23:03","date_gmt":"2025-08-10T18:23:03","guid":{"rendered":"https:\/\/civilhatter.hu\/wordpress_9\/?page_id=98"},"modified":"2025-08-10T19:41:34","modified_gmt":"2025-08-10T18:41:34","slug":"felhasznalasi-feltetelek","status":"publish","type":"page","link":"https:\/\/civilhatter.hu\/wordpress_9\/index.php\/sample-page\/felhasznalasi-feltetelek\/","title":{"rendered":"Felhaszn\u00e1l\u00e1si Felt\u00e9telek"},"content":{"rendered":"","protected":false},"excerpt":{"rendered":"","protected":false},"author":2,"featured_media":0,"parent":2,"menu_order":0,"comment_status":"closed","ping_status":"closed","template":"","meta":{"_acf_changed":false,"_monsterinsights_skip_tracking":false,"_monsterinsights_sitenote_active":false,"_monsterinsights_sitenote_note":"","_monsterinsights_sitenote_category":0,"footnotes":""},"class_list":["post-98","page","type-page","status-publish","hentry"],"acf":[],"_links":{"self":[{"href":"https:\/\/civilhatter.hu\/wordpress_9\/index.php\/wp-json\/wp\/v2\/pages\/98","targetHints":{"allow":["GET"]}}],"collection":[{"href":"https:\/\/civilhatter.hu\/wordpress_9\/index.php\/wp-json\/wp\/v2\/pages"}],"about":[{"href":"https:\/\/civilhatter.hu\/wordpress_9\/index.php\/wp-json\/wp\/v2\/types\/page"}],"author":[{"embeddable":true,"href":"https:\/\/civilhatter.hu\/wordpress_9\/index.php\/wp-json\/wp\/v2\/users\/2"}],"replies":[{"embeddable":true,"href":"https:\/\/civilhatter.hu\/wordpress_9\/index.php\/wp-json\/wp\/v2\/comments?post=98"}],"version-history":[{"count":2,"href":"https:\/\/civilhatter.hu\/wordpress_9\/index.php\/wp-json\/wp\/v2\/pages\/98\/revisions"}],"predecessor-version":[{"id":106,"href":"https:\/\/civilhatter.hu\/wordpress_9\/index.php\/wp-json\/wp\/v2\/pages\/98\/revisions\/106"}],"up":[{"embeddable":true,"href":"https:\/\/civilhatter.hu\/wordpress_9\/index.php\/wp-json\/wp\/v2\/pages\/2"}],"wp:attachment":[{"href":"https:\/\/civilhatter.hu\/wordpress_9\/index.php\/wp-json\/wp\/v2\/media?parent=98"}],"curies":[{"name":"wp","href":"https:\/\/api.w.org\/{rel}","templated":true}]}}