{"id":42,"date":"2025-08-10T18:11:21","date_gmt":"2025-08-10T17:11:21","guid":{"rendered":"https:\/\/civilhatter.hu\/wordpress_9\/?page_id=42"},"modified":"2025-08-10T20:04:12","modified_gmt":"2025-08-10T19:04:12","slug":"aranyos-noemi","status":"publish","type":"page","link":"https:\/\/civilhatter.hu\/wordpress_9\/index.php\/sample-page\/aranyos-noemi\/","title":{"rendered":"Aranyos No\u00e9mi"},"content":{"rendered":"\n<figure class=\"wp-block-image size-thumbnail is-resized\"><img loading=\"lazy\" decoding=\"async\" width=\"150\" height=\"150\" src=\"https:\/\/civilhatter.hu\/wordpress_9\/wp-content\/uploads\/2025\/08\/AN-logo-edited-150x150.png\" alt=\"\" class=\"wp-image-110\" style=\"aspect-ratio:1;object-fit:cover;width:200px\" srcset=\"https:\/\/civilhatter.hu\/wordpress_9\/wp-content\/uploads\/2025\/08\/AN-logo-edited-150x150.png 150w, https:\/\/civilhatter.hu\/wordpress_9\/wp-content\/uploads\/2025\/08\/AN-logo-edited.png 260w\" sizes=\"auto, (max-width: 150px) 100vw, 150px\" \/><\/figure>\n\n\n\n<ul class=\"wp-block-list\">\n<li>Aranyos Riport &#8211; Dokumentarista<\/li>\n\n\n\n<li>fot\u00f3, vide\u00f3<\/li>\n\n\n\n<li>sajt\u00f3, cikk \u00edr\u00f3<\/li>\n\n\n\n<li>szerkeszt\u0151<\/li>\n<\/ul>\n\n\n\n<p>mobil: +36 70 322-4209<\/p>\n\n\n\n<p>e-mail: aranyos.design@gmail.com<\/p>\n","protected":false},"excerpt":{"rendered":"<p>mobil: +36 70 322-4209 e-mail: aranyos.design@gmail.com<\/p>\n","protected":false},"author":2,"featured_media":0,"parent":2,"menu_order":0,"comment_status":"closed","ping_status":"closed","template":"","meta":{"_acf_changed":false,"_monsterinsights_skip_tracking":false,"_monsterinsights_sitenote_active":false,"_monsterinsights_sitenote_note":"","_monsterinsights_sitenote_category":0,"footnotes":""},"class_list":["post-42","page","type-page","status-publish","hentry"],"acf":[],"_links":{"self":[{"href":"https:\/\/civilhatter.hu\/wordpress_9\/index.php\/wp-json\/wp\/v2\/pages\/42","targetHints":{"allow":["GET"]}}],"collection":[{"href":"https:\/\/civilhatter.hu\/wordpress_9\/index.php\/wp-json\/wp\/v2\/pages"}],"about":[{"href":"https:\/\/civilhatter.hu\/wordpress_9\/index.php\/wp-json\/wp\/v2\/types\/page"}],"author":[{"embeddable":true,"href":"https:\/\/civilhatter.hu\/wordpress_9\/index.php\/wp-json\/wp\/v2\/users\/2"}],"replies":[{"embeddable":true,"href":"https:\/\/civilhatter.hu\/wordpress_9\/index.php\/wp-json\/wp\/v2\/comments?post=42"}],"version-history":[{"count":4,"href":"https:\/\/civilhatter.hu\/wordpress_9\/index.php\/wp-json\/wp\/v2\/pages\/42\/revisions"}],"predecessor-version":[{"id":114,"href":"https:\/\/civilhatter.hu\/wordpress_9\/index.php\/wp-json\/wp\/v2\/pages\/42\/revisions\/114"}],"up":[{"embeddable":true,"href":"https:\/\/civilhatter.hu\/wordpress_9\/index.php\/wp-json\/wp\/v2\/pages\/2"}],"wp:attachment":[{"href":"https:\/\/civilhatter.hu\/wordpress_9\/index.php\/wp-json\/wp\/v2\/media?parent=42"}],"curies":[{"name":"wp","href":"https:\/\/api.w.org\/{rel}","templated":true}]}}