{"id":3,"date":"2025-08-05T17:37:12","date_gmt":"2025-08-05T17:37:12","guid":{"rendered":"https:\/\/civilhatter.hu\/wordpress_9\/?page_id=3"},"modified":"2025-08-10T21:20:17","modified_gmt":"2025-08-10T20:20:17","slug":"privacy-policy","status":"publish","type":"page","link":"https:\/\/civilhatter.hu\/wordpress_9\/index.php\/sample-page\/privacy-policy\/","title":{"rendered":"Impressium"},"content":{"rendered":"\n<div class=\"wp-block-group has-medium-font-size has-global-padding is-layout-constrained wp-block-group-is-layout-constrained\">\n<div class=\"wp-block-group has-global-padding is-layout-constrained wp-container-core-group-is-layout-66b04bf8 wp-block-group-is-layout-constrained\" style=\"margin-top:var(--wp--preset--spacing--20);margin-bottom:var(--wp--preset--spacing--20);padding-top:0;padding-right:0;padding-bottom:0;padding-left:0\">\n<h2 class=\"wp-block-heading\">Kiadja a Civil H\u00e1tt\u00e9r<\/h2>\n\n\n\n<p>Alap\u00edt\u00f3: Bai L\u00e1szl\u00f3<\/p>\n\n\n\n<p>Tagok: Aranyos No\u00e9mi<\/p>\n<\/div>\n\n\n\n<div class=\"wp-block-group has-global-padding is-layout-constrained wp-container-core-group-is-layout-66b04bf8 wp-block-group-is-layout-constrained\" style=\"margin-top:var(--wp--preset--spacing--20);margin-bottom:var(--wp--preset--spacing--20);padding-top:0;padding-right:0;padding-bottom:0;padding-left:0\">\n<h2 class=\"wp-block-heading\">Bai L\u00e1szl\u00f3:<\/h2>\n\n\n\n<p>F\u0151 Szerkeszt\u0151<\/p>\n\n\n\n<p>M\u0171sorszerkeszt\u0151<\/p>\n\n\n\n<p>Sajt\u00f3<\/p>\n\n\n\n<p>Vide\u00f3<\/p>\n<\/div>\n\n\n\n<div class=\"wp-block-group has-global-padding is-layout-constrained wp-container-core-group-is-layout-66b04bf8 wp-block-group-is-layout-constrained\" style=\"margin-top:var(--wp--preset--spacing--20);margin-bottom:var(--wp--preset--spacing--20);padding-top:0;padding-right:0;padding-bottom:0;padding-left:0\">\n<h2 class=\"wp-block-heading\">Aranyos No\u00e9mi:<\/h2>\n\n\n\n<p>Szerkeszt\u0151<\/p>\n\n\n\n<p>Sajt\u00f3<\/p>\n\n\n\n<p>Cikk \u00edr\u00f3<\/p>\n\n\n\n<p>Fot\u00f3gr\u00e1fus<\/p>\n\n\n\n<p>Vide\u00f3<\/p>\n<\/div>\n\n\n\n<div class=\"wp-block-group has-global-padding is-layout-constrained wp-container-core-group-is-layout-66b04bf8 wp-block-group-is-layout-constrained\" style=\"margin-top:var(--wp--preset--spacing--20);margin-bottom:var(--wp--preset--spacing--20);padding-top:0;padding-right:0;padding-bottom:0;padding-left:0\">\n<h2 class=\"wp-block-heading\">Kapcsolat:<\/h2>\n\n\n\n<p>Bai L\u00e1szl\u00f3<\/p>\n\n\n\n<p>Mobil: +36704234255<\/p>\n\n\n\n<p>email: bailaszlo75@gmail.com<\/p>\n<\/div>\n\n\n\n<div class=\"wp-block-group has-global-padding is-layout-constrained wp-container-core-group-is-layout-66b04bf8 wp-block-group-is-layout-constrained\" style=\"margin-top:var(--wp--preset--spacing--20);margin-bottom:var(--wp--preset--spacing--20);padding-top:0;padding-right:0;padding-bottom:0;padding-left:0\">\n<h2 class=\"wp-block-heading\">Szerz\u0151i jogok, Copyright<\/h2>\n\n\n\n<p>Jelen honlap Civil H\u00e1tt\u00e9r. A honlapon k\u00f6zz\u00e9tett cikkek, fot\u00f3m\u0171v\u00e9szeti alkot\u00e1sok, egy\u00e9b szerz\u0151i m\u0171vek csak a szerz\u0151, illetve a kiad\u00f3 \u00edr\u00e1sbeli enged\u00e9ly\u00e9vel t\u00f6bbsz\u00f6r\u00f6zhet\u0151ek, k\u00f6zvet\u00edthet\u0151ek a nyilv\u00e1noss\u00e1g fel\u00e9, tehet\u0151ek nyilv\u00e1noss\u00e1g sz\u00e1m\u00e1ra hozz\u00e1f\u00e9rhet\u0151v\u00e9 a sajt\u00f3ban [Szjt. 36. \u00a7 (2)]. Ez a nyilatkozat a szerz\u0151i jogr\u00f3l sz\u00f3l\u00f3 1999. \u00e9vi LXXVI. t\u00f6rv\u00e9ny 36. \u00a7 (2) bekezd\u00e9s\u00e9ben foglaltak szerinti tilt\u00f3 nyilatkozatnak min\u0151s\u00fcl. A megjelentetett cikkek, fot\u00f3m\u0171v\u00e9szeti alkot\u00e1sok, egy\u00e9b szerz\u0151i m\u0171vek csak a szerz\u0151, illetve a kiad\u00f3 \u00edr\u00e1sbeli enged\u00e9ly\u00e9vel t\u00f6bbsz\u00f6r\u00f6zhet\u0151ek, k\u00f6zvet\u00edthet\u0151ek a nyilv\u00e1noss\u00e1g fel\u00e9, tehet\u0151ek nyilv\u00e1noss\u00e1g sz\u00e1m\u00e1ra hozz\u00e1f\u00e9rhet\u0151v\u00e9 a sajt\u00f3ban [Szjt. 36. \u00a7 (2)]. Ez a nyilatkozat a szerz\u0151i jogr\u00f3l sz\u00f3l\u00f3 1999. \u00e9vi LXXVI. t\u00f6rv\u00e9ny 36. \u00a7 (2) bekezd\u00e9s\u00e9ben foglaltak szerinti tilt\u00f3 nyilatkozatnak min\u0151s\u00fcl.<\/p>\n<\/div>\n<\/div>\n","protected":false},"excerpt":{"rendered":"<p>Kiadja a Civil H\u00e1tt\u00e9r Alap\u00edt\u00f3: Bai L\u00e1szl\u00f3 Tagok: Aranyos No\u00e9mi Bai L\u00e1szl\u00f3: F\u0151 Szerkeszt\u0151 M\u0171sorszerkeszt\u0151 Sajt\u00f3 Vide\u00f3 Aranyos No\u00e9mi: Szerkeszt\u0151 Sajt\u00f3 Cikk \u00edr\u00f3 Fot\u00f3gr\u00e1fus Vide\u00f3 Kapcsolat: Bai L\u00e1szl\u00f3 Mobil: +36704234255 email: bailaszlo75@gmail.com Szerz\u0151i jogok, Copyright Jelen honlap Civil H\u00e1tt\u00e9r. A honlapon k\u00f6zz\u00e9tett cikkek, fot\u00f3m\u0171v\u00e9szeti alkot\u00e1sok, egy\u00e9b szerz\u0151i m\u0171vek csak a szerz\u0151, illetve a kiad\u00f3 \u00edr\u00e1sbeli [&hellip;]<\/p>\n","protected":false},"author":2,"featured_media":0,"parent":2,"menu_order":0,"comment_status":"closed","ping_status":"open","template":"","meta":{"_acf_changed":false,"_monsterinsights_skip_tracking":false,"_monsterinsights_sitenote_active":false,"_monsterinsights_sitenote_note":"","_monsterinsights_sitenote_category":0,"footnotes":""},"class_list":["post-3","page","type-page","status-publish","hentry"],"acf":[],"_links":{"self":[{"href":"https:\/\/civilhatter.hu\/wordpress_9\/index.php\/wp-json\/wp\/v2\/pages\/3","targetHints":{"allow":["GET"]}}],"collection":[{"href":"https:\/\/civilhatter.hu\/wordpress_9\/index.php\/wp-json\/wp\/v2\/pages"}],"about":[{"href":"https:\/\/civilhatter.hu\/wordpress_9\/index.php\/wp-json\/wp\/v2\/types\/page"}],"author":[{"embeddable":true,"href":"https:\/\/civilhatter.hu\/wordpress_9\/index.php\/wp-json\/wp\/v2\/users\/2"}],"replies":[{"embeddable":true,"href":"https:\/\/civilhatter.hu\/wordpress_9\/index.php\/wp-json\/wp\/v2\/comments?post=3"}],"version-history":[{"count":6,"href":"https:\/\/civilhatter.hu\/wordpress_9\/index.php\/wp-json\/wp\/v2\/pages\/3\/revisions"}],"predecessor-version":[{"id":164,"href":"https:\/\/civilhatter.hu\/wordpress_9\/index.php\/wp-json\/wp\/v2\/pages\/3\/revisions\/164"}],"up":[{"embeddable":true,"href":"https:\/\/civilhatter.hu\/wordpress_9\/index.php\/wp-json\/wp\/v2\/pages\/2"}],"wp:attachment":[{"href":"https:\/\/civilhatter.hu\/wordpress_9\/index.php\/wp-json\/wp\/v2\/media?parent=3"}],"curies":[{"name":"wp","href":"https:\/\/api.w.org\/{rel}","templated":true}]}}